{"id":909,"date":"2025-01-23T11:55:01","date_gmt":"2025-01-23T11:55:01","guid":{"rendered":"https:\/\/www.tahsilatlikargo.net\/?page_id=909"},"modified":"2025-10-26T18:34:04","modified_gmt":"2025-10-26T18:34:04","slug":"home","status":"publish","type":"page","link":"https:\/\/www.tahsilatlikargo.net\/?page_id=909","title":{"rendered":"Hakk\u0131m\u0131zda"},"content":{"rendered":"\n<p><img loading=\"lazy\" decoding=\"async\" width=\"850\" height=\"848\" class=\"wp-image-601\" style=\"width: 850px;\" src=\"https:\/\/www.tahsilatlikargo.net\/wp-content\/uploads\/2024\/01\/22222.png\" alt=\"\" srcset=\"https:\/\/www.tahsilatlikargo.net\/wp-content\/uploads\/2024\/01\/22222.png 509w, https:\/\/www.tahsilatlikargo.net\/wp-content\/uploads\/2024\/01\/22222-300x300.png 300w, https:\/\/www.tahsilatlikargo.net\/wp-content\/uploads\/2024\/01\/22222-150x150.png 150w\" sizes=\"auto, (max-width: 850px) 100vw, 850px\" \/>2014 Y\u0131l\u0131nda Girid\u011fimiz Tahsilatl\u0131 Kargo Ta\u015f\u0131mac\u0131l\u0131\u011f\u0131 anal\u0131nda 11y\u0131ld\u0131r Hizmet vermekteyiz.\u00a0Kap\u0131da Nakit yada Kredi Kart\u0131 ile Tahsilat se\u00e7enekleri ile e-ticaret alan\u0131nda Hizmet veremeteyiz.<\/p>\n\n\n\n<p>Adres : .Perpa Ticaret Merkezi B Blok Kat :11 OKMEYDANI\/ \u0130STANBUL : 0 535 622 47 11<\/p>\n\n\n\n<p>www.tahsilatlikargo.net <\/p>\n","protected":false},"excerpt":{"rendered":"<p>2014 Y\u0131l\u0131nda Girid\u011fimiz Tahsilatl\u0131 Kargo Ta\u015f\u0131mac\u0131l\u0131\u011f\u0131 anal\u0131nda 11y\u0131ld\u0131r Hizmet vermekteyiz.\u00a0Kap\u0131da Nakit yada Kredi Kart\u0131 ile Tahsilat se\u00e7enekleri ile e-ticaret alan\u0131nda Hizmet veremeteyiz. Adres : .Perpa Ticaret Merkezi B Blok Kat :11 OKMEYDANI\/ \u0130STANBUL : 0 535 622 47 11 www.tahsilatlikargo.net<\/p>\n","protected":false},"author":1,"featured_media":0,"parent":0,"menu_order":0,"comment_status":"closed","ping_status":"closed","template":"","meta":{"_themeisle_gutenberg_block_has_review":false,"footnotes":""},"class_list":["post-909","page","type-page","status-publish","hentry"],"yoast_head":"<!-- This site is optimized with the Yoast SEO plugin v26.2 - https:\/\/yoast.com\/wordpress\/plugins\/seo\/ -->\n<title>Hakk\u0131m\u0131zda<\/title>\n<meta name=\"description\" content=\"2014 Y\u0131l\u0131nda Girid\u011fimiz Tahsilatl\u0131 Kargo Ta\u015f\u0131mac\u0131l\u0131\u011f\u0131 anal\u0131nda 11y\u0131ld\u0131r Hizmet vermekteyiz.\u00a0Kap\u0131da Nakit yada Kredi Kart\u0131 ile Tahsilat se\u00e7enekleri ile e-ticaret alan\u0131nda Hizmet veremeteyiz.Adres : .Perpa Ticaret Merkezi B Blok Kat :11 OKMEYDANI\/ \u0130STANBUL : 0 535 622 47 11www.tahsilatlikargo.net\" \/>\n<meta name=\"robots\" content=\"index, follow, max-snippet:-1, max-image-preview:large, max-video-preview:-1\" \/>\n<link rel=\"canonical\" href=\"https:\/\/www.tahsilatlikargo.net\/?page_id=909\" \/>\n<meta property=\"og:locale\" content=\"tr_TR\" \/>\n<meta property=\"og:type\" content=\"article\" \/>\n<meta property=\"og:title\" content=\"Hakk\u0131m\u0131zda\" \/>\n<meta property=\"og:description\" content=\"2014 Y\u0131l\u0131nda Girid\u011fimiz Tahsilatl\u0131 Kargo Ta\u015f\u0131mac\u0131l\u0131\u011f\u0131 anal\u0131nda 11y\u0131ld\u0131r Hizmet vermekteyiz.\u00a0Kap\u0131da Nakit yada Kredi Kart\u0131 ile Tahsilat se\u00e7enekleri ile e-ticaret alan\u0131nda Hizmet veremeteyiz.Adres : .Perpa Ticaret Merkezi B Blok Kat :11 OKMEYDANI\/ \u0130STANBUL : 0 535 622 47 11www.tahsilatlikargo.net\" \/>\n<meta property=\"og:url\" content=\"https:\/\/www.tahsilatlikargo.net\/?page_id=909\" \/>\n<meta property=\"og:site_name\" content=\"Kariyer Kargo\" \/>\n<meta property=\"article:modified_time\" content=\"2025-10-26T18:34:04+00:00\" \/>\n<meta property=\"og:image\" content=\"https:\/\/www.tahsilatlikargo.net\/wp-content\/uploads\/2024\/01\/22222.png\" \/>\n<meta name=\"twitter:card\" content=\"summary_large_image\" \/>\n<meta name=\"twitter:label1\" content=\"Tahmini okuma s\u00fcresi\" \/>\n\t<meta name=\"twitter:data1\" content=\"1 dakika\" \/>\n<script type=\"application\/ld+json\" class=\"yoast-schema-graph\">{\"@context\":\"https:\/\/schema.org\",\"@graph\":[{\"@type\":\"WebPage\",\"@id\":\"https:\/\/www.tahsilatlikargo.net\/?page_id=909\",\"url\":\"https:\/\/www.tahsilatlikargo.net\/?page_id=909\",\"name\":\"Hakk\u0131m\u0131zda\",\"isPartOf\":{\"@id\":\"https:\/\/www.tahsilatlikargo.net\/#website\"},\"primaryImageOfPage\":{\"@id\":\"https:\/\/www.tahsilatlikargo.net\/?page_id=909#primaryimage\"},\"image\":{\"@id\":\"https:\/\/www.tahsilatlikargo.net\/?page_id=909#primaryimage\"},\"thumbnailUrl\":\"https:\/\/www.tahsilatlikargo.net\/wp-content\/uploads\/2024\/01\/22222.png\",\"datePublished\":\"2025-01-23T11:55:01+00:00\",\"dateModified\":\"2025-10-26T18:34:04+00:00\",\"description\":\"2014 Y\u0131l\u0131nda Girid\u011fimiz Tahsilatl\u0131 Kargo Ta\u015f\u0131mac\u0131l\u0131\u011f\u0131 anal\u0131nda 11y\u0131ld\u0131r Hizmet vermekteyiz.\u00a0Kap\u0131da Nakit yada Kredi Kart\u0131 ile Tahsilat se\u00e7enekleri ile e-ticaret alan\u0131nda Hizmet veremeteyiz.Adres : .Perpa Ticaret Merkezi B Blok Kat :11 OKMEYDANI\/ \u0130STANBUL : 0 535 622 47 11www.tahsilatlikargo.net\",\"breadcrumb\":{\"@id\":\"https:\/\/www.tahsilatlikargo.net\/?page_id=909#breadcrumb\"},\"inLanguage\":\"tr\",\"potentialAction\":[{\"@type\":\"ReadAction\",\"target\":[\"https:\/\/www.tahsilatlikargo.net\/?page_id=909\"]}]},{\"@type\":\"ImageObject\",\"inLanguage\":\"tr\",\"@id\":\"https:\/\/www.tahsilatlikargo.net\/?page_id=909#primaryimage\",\"url\":\"https:\/\/www.tahsilatlikargo.net\/wp-content\/uploads\/2024\/01\/22222.png\",\"contentUrl\":\"https:\/\/www.tahsilatlikargo.net\/wp-content\/uploads\/2024\/01\/22222.png\",\"width\":509,\"height\":508,\"caption\":\"Tahsilatl\u0131 Teslimat Kap\u0131da \u00d6demeli Kargo g\u00f6nderi\"},{\"@type\":\"BreadcrumbList\",\"@id\":\"https:\/\/www.tahsilatlikargo.net\/?page_id=909#breadcrumb\",\"itemListElement\":[{\"@type\":\"ListItem\",\"position\":1,\"name\":\"Anasayfa\",\"item\":\"https:\/\/www.tahsilatlikargo.net\/\"},{\"@type\":\"ListItem\",\"position\":2,\"name\":\"Hakk\u0131m\u0131zda\"}]},{\"@type\":\"WebSite\",\"@id\":\"https:\/\/www.tahsilatlikargo.net\/#website\",\"url\":\"https:\/\/www.tahsilatlikargo.net\/\",\"name\":\"Arac\u0131 Kargo\",\"description\":\"Arac\u0131 Kargo  | WhatsApp :( 0535 ) 622 47 11 |\",\"publisher\":{\"@id\":\"https:\/\/www.tahsilatlikargo.net\/#organization\"},\"potentialAction\":[{\"@type\":\"SearchAction\",\"target\":{\"@type\":\"EntryPoint\",\"urlTemplate\":\"https:\/\/www.tahsilatlikargo.net\/?s={search_term_string}\"},\"query-input\":{\"@type\":\"PropertyValueSpecification\",\"valueRequired\":true,\"valueName\":\"search_term_string\"}}],\"inLanguage\":\"tr\"},{\"@type\":\"Organization\",\"@id\":\"https:\/\/www.tahsilatlikargo.net\/#organization\",\"name\":\"Arac\u0131 Kargo\",\"url\":\"https:\/\/www.tahsilatlikargo.net\/\",\"logo\":{\"@type\":\"ImageObject\",\"inLanguage\":\"tr\",\"@id\":\"https:\/\/www.tahsilatlikargo.net\/#\/schema\/logo\/image\/\",\"url\":\"\",\"contentUrl\":\"\",\"caption\":\"Arac\u0131 Kargo\"},\"image\":{\"@id\":\"https:\/\/www.tahsilatlikargo.net\/#\/schema\/logo\/image\/\"}}]}<\/script>\n<!-- \/ Yoast SEO plugin. -->","yoast_head_json":{"title":"Hakk\u0131m\u0131zda","description":"2014 Y\u0131l\u0131nda Girid\u011fimiz Tahsilatl\u0131 Kargo Ta\u015f\u0131mac\u0131l\u0131\u011f\u0131 anal\u0131nda 11y\u0131ld\u0131r Hizmet vermekteyiz.\u00a0Kap\u0131da Nakit yada Kredi Kart\u0131 ile Tahsilat se\u00e7enekleri ile e-ticaret alan\u0131nda Hizmet veremeteyiz.Adres : .Perpa Ticaret Merkezi B Blok Kat :11 OKMEYDANI\/ \u0130STANBUL : 0 535 622 47 11www.tahsilatlikargo.net","robots":{"index":"index","follow":"follow","max-snippet":"max-snippet:-1","max-image-preview":"max-image-preview:large","max-video-preview":"max-video-preview:-1"},"canonical":"https:\/\/www.tahsilatlikargo.net\/?page_id=909","og_locale":"tr_TR","og_type":"article","og_title":"Hakk\u0131m\u0131zda","og_description":"2014 Y\u0131l\u0131nda Girid\u011fimiz Tahsilatl\u0131 Kargo Ta\u015f\u0131mac\u0131l\u0131\u011f\u0131 anal\u0131nda 11y\u0131ld\u0131r Hizmet vermekteyiz.\u00a0Kap\u0131da Nakit yada Kredi Kart\u0131 ile Tahsilat se\u00e7enekleri ile e-ticaret alan\u0131nda Hizmet veremeteyiz.Adres : .Perpa Ticaret Merkezi B Blok Kat :11 OKMEYDANI\/ \u0130STANBUL : 0 535 622 47 11www.tahsilatlikargo.net","og_url":"https:\/\/www.tahsilatlikargo.net\/?page_id=909","og_site_name":"Kariyer Kargo","article_modified_time":"2025-10-26T18:34:04+00:00","og_image":[{"url":"https:\/\/www.tahsilatlikargo.net\/wp-content\/uploads\/2024\/01\/22222.png","type":"","width":"","height":""}],"twitter_card":"summary_large_image","twitter_misc":{"Tahmini okuma s\u00fcresi":"1 dakika"},"schema":{"@context":"https:\/\/schema.org","@graph":[{"@type":"WebPage","@id":"https:\/\/www.tahsilatlikargo.net\/?page_id=909","url":"https:\/\/www.tahsilatlikargo.net\/?page_id=909","name":"Hakk\u0131m\u0131zda","isPartOf":{"@id":"https:\/\/www.tahsilatlikargo.net\/#website"},"primaryImageOfPage":{"@id":"https:\/\/www.tahsilatlikargo.net\/?page_id=909#primaryimage"},"image":{"@id":"https:\/\/www.tahsilatlikargo.net\/?page_id=909#primaryimage"},"thumbnailUrl":"https:\/\/www.tahsilatlikargo.net\/wp-content\/uploads\/2024\/01\/22222.png","datePublished":"2025-01-23T11:55:01+00:00","dateModified":"2025-10-26T18:34:04+00:00","description":"2014 Y\u0131l\u0131nda Girid\u011fimiz Tahsilatl\u0131 Kargo Ta\u015f\u0131mac\u0131l\u0131\u011f\u0131 anal\u0131nda 11y\u0131ld\u0131r Hizmet vermekteyiz.\u00a0Kap\u0131da Nakit yada Kredi Kart\u0131 ile Tahsilat se\u00e7enekleri ile e-ticaret alan\u0131nda Hizmet veremeteyiz.Adres : .Perpa Ticaret Merkezi B Blok Kat :11 OKMEYDANI\/ \u0130STANBUL : 0 535 622 47 11www.tahsilatlikargo.net","breadcrumb":{"@id":"https:\/\/www.tahsilatlikargo.net\/?page_id=909#breadcrumb"},"inLanguage":"tr","potentialAction":[{"@type":"ReadAction","target":["https:\/\/www.tahsilatlikargo.net\/?page_id=909"]}]},{"@type":"ImageObject","inLanguage":"tr","@id":"https:\/\/www.tahsilatlikargo.net\/?page_id=909#primaryimage","url":"https:\/\/www.tahsilatlikargo.net\/wp-content\/uploads\/2024\/01\/22222.png","contentUrl":"https:\/\/www.tahsilatlikargo.net\/wp-content\/uploads\/2024\/01\/22222.png","width":509,"height":508,"caption":"Tahsilatl\u0131 Teslimat Kap\u0131da \u00d6demeli Kargo g\u00f6nderi"},{"@type":"BreadcrumbList","@id":"https:\/\/www.tahsilatlikargo.net\/?page_id=909#breadcrumb","itemListElement":[{"@type":"ListItem","position":1,"name":"Anasayfa","item":"https:\/\/www.tahsilatlikargo.net\/"},{"@type":"ListItem","position":2,"name":"Hakk\u0131m\u0131zda"}]},{"@type":"WebSite","@id":"https:\/\/www.tahsilatlikargo.net\/#website","url":"https:\/\/www.tahsilatlikargo.net\/","name":"Arac\u0131 Kargo","description":"Arac\u0131 Kargo  | WhatsApp :( 0535 ) 622 47 11 |","publisher":{"@id":"https:\/\/www.tahsilatlikargo.net\/#organization"},"potentialAction":[{"@type":"SearchAction","target":{"@type":"EntryPoint","urlTemplate":"https:\/\/www.tahsilatlikargo.net\/?s={search_term_string}"},"query-input":{"@type":"PropertyValueSpecification","valueRequired":true,"valueName":"search_term_string"}}],"inLanguage":"tr"},{"@type":"Organization","@id":"https:\/\/www.tahsilatlikargo.net\/#organization","name":"Arac\u0131 Kargo","url":"https:\/\/www.tahsilatlikargo.net\/","logo":{"@type":"ImageObject","inLanguage":"tr","@id":"https:\/\/www.tahsilatlikargo.net\/#\/schema\/logo\/image\/","url":"","contentUrl":"","caption":"Arac\u0131 Kargo"},"image":{"@id":"https:\/\/www.tahsilatlikargo.net\/#\/schema\/logo\/image\/"}}]}},"_links":{"self":[{"href":"https:\/\/www.tahsilatlikargo.net\/index.php?rest_route=\/wp\/v2\/pages\/909","targetHints":{"allow":["GET"]}}],"collection":[{"href":"https:\/\/www.tahsilatlikargo.net\/index.php?rest_route=\/wp\/v2\/pages"}],"about":[{"href":"https:\/\/www.tahsilatlikargo.net\/index.php?rest_route=\/wp\/v2\/types\/page"}],"author":[{"embeddable":true,"href":"https:\/\/www.tahsilatlikargo.net\/index.php?rest_route=\/wp\/v2\/users\/1"}],"replies":[{"embeddable":true,"href":"https:\/\/www.tahsilatlikargo.net\/index.php?rest_route=%2Fwp%2Fv2%2Fcomments&post=909"}],"version-history":[{"count":2,"href":"https:\/\/www.tahsilatlikargo.net\/index.php?rest_route=\/wp\/v2\/pages\/909\/revisions"}],"predecessor-version":[{"id":1089,"href":"https:\/\/www.tahsilatlikargo.net\/index.php?rest_route=\/wp\/v2\/pages\/909\/revisions\/1089"}],"wp:attachment":[{"href":"https:\/\/www.tahsilatlikargo.net\/index.php?rest_route=%2Fwp%2Fv2%2Fmedia&parent=909"}],"curies":[{"name":"wp","href":"https:\/\/api.w.org\/{rel}","templated":true}]}}